{"id":12,"date":"2023-05-10T13:11:15","date_gmt":"2023-05-10T13:11:15","guid":{"rendered":"https:\/\/brain.networks.imdea.org\/?page_id=12"},"modified":"2026-02-16T13:54:57","modified_gmt":"2026-02-16T12:54:57","slug":"groups","status":"publish","type":"page","link":"https:\/\/brain.networks.imdea.org\/es\/","title":{"rendered":"Home"},"content":{"rendered":"<p><\/p>\n<h3>El proyecto en resumen<\/h3>\n<p>bRAIN significa: IA explicable y robusta para su integraci\u00f3n en sistemas de red de pr\u00f3xima generaci\u00f3n. El proyecto contribuir\u00e1 a la visi\u00f3n 6G de una red de Inteligencia Artificial (IA) nativa abordando dos obst\u00e1culos principales.<\/p>\n<p>Por un lado, los actuales modelos de IA empleados para la gesti\u00f3n de redes son cajas negras, y su total falta de transparencia constituye una clara barrera para su adopci\u00f3n: en este sentido, <em>bRAIN pretende proponer nuevas herramientas de IA para la gesti\u00f3n de redes que sean explicables y fiables por su dise\u00f1o<\/em> y especificaciones sobre robustez que permitan comparar los modelos de IA existentes.<\/p>\n<p>Por otro lado, la disruptiva \u00absoftwarizaci\u00f3n\u00bb de la arquitectura de red ha abierto nuevas oportunidades para una profunda integraci\u00f3n de la IA en la futura infraestructura 6G que a\u00fan no se han explorado: aqu\u00ed, <em>bRAIN investigar\u00e1 enfoques novedosos para el dise\u00f1o, implementaci\u00f3n y evaluaci\u00f3n de la inteligencia de red en banda<\/em>, es decir, modelos de IA que se ejecutan directamente en los conmutadores programables del plano de usuario, operando a velocidad de l\u00ednea sobre el tr\u00e1fico de datos en tr\u00e1nsito, y sentando las bases para una red 6G verdaderamente nativa de IA.<\/p>\n<hr \/>\n<hr \/>\n<p><a href=\"https:\/\/networks.imdea.org\/es\/proyectos\/brain-explainable-and-robust-ai-for-integration-in-next-generation-networked-systems\/\" target=\"_blank\" rel=\"noopener\">Pagina en la web oficial de IMDEA<\/a><\/p>","protected":false},"excerpt":{"rendered":"El proyecto en resumen bRAIN significa: IA explicable y robusta para su integraci\u00f3n en sistemas de red de pr\u00f3xima generaci\u00f3n. El proyecto contribuir\u00e1 a la visi\u00f3n 6G de una red de Inteligencia Artificial (IA) nativa abordando dos obst\u00e1culos principales. Por un lado, los actuales modelos de IA empleados para la gesti\u00f3n de redes son cajas&#8230;","protected":false},"author":115,"featured_media":0,"parent":0,"menu_order":0,"comment_status":"closed","ping_status":"closed","template":"","meta":{"_acf_changed":false,"footnotes":""},"class_list":["post-12","page","type-page","status-publish","hentry"],"acf":[],"_links":{"self":[{"href":"https:\/\/brain.networks.imdea.org\/es\/wp-json\/wp\/v2\/pages\/12","targetHints":{"allow":["GET"]}}],"collection":[{"href":"https:\/\/brain.networks.imdea.org\/es\/wp-json\/wp\/v2\/pages"}],"about":[{"href":"https:\/\/brain.networks.imdea.org\/es\/wp-json\/wp\/v2\/types\/page"}],"author":[{"embeddable":true,"href":"https:\/\/brain.networks.imdea.org\/es\/wp-json\/wp\/v2\/users\/115"}],"replies":[{"embeddable":true,"href":"https:\/\/brain.networks.imdea.org\/es\/wp-json\/wp\/v2\/comments?post=12"}],"version-history":[{"count":5,"href":"https:\/\/brain.networks.imdea.org\/es\/wp-json\/wp\/v2\/pages\/12\/revisions"}],"predecessor-version":[{"id":241,"href":"https:\/\/brain.networks.imdea.org\/es\/wp-json\/wp\/v2\/pages\/12\/revisions\/241"}],"wp:attachment":[{"href":"https:\/\/brain.networks.imdea.org\/es\/wp-json\/wp\/v2\/media?parent=12"}],"curies":[{"name":"wp","href":"https:\/\/api.w.org\/{rel}","templated":true}]}}